{"id":1030,"date":"2024-03-11T12:39:45","date_gmt":"2024-03-11T11:39:45","guid":{"rendered":"https:\/\/aplicontrol.eu\/?page_id=1030"},"modified":"2024-03-11T12:58:39","modified_gmt":"2024-03-11T11:58:39","slug":"politica-de-privacidad","status":"publish","type":"page","link":"https:\/\/aplicontrol.eu\/ca\/politica-de-privacidad\/","title":{"rendered":"Pol\u00edtica de Privacitat"},"content":{"rendered":"<p><div class=\"fusion-fullwidth fullwidth-box fusion-builder-row-1 fusion-flex-container nonhundred-percent-fullwidth non-hundred-percent-height-scrolling\" style=\"--awb-border-radius-top-left:0px;--awb-border-radius-top-right:0px;--awb-border-radius-bottom-right:0px;--awb-border-radius-bottom-left:0px;--awb-flex-wrap:wrap;\" ><div class=\"fusion-builder-row fusion-row fusion-flex-align-items-flex-start fusion-flex-content-wrap\" style=\"max-width:1206.4px;margin-left: calc(-4% \/ 2 );margin-right: calc(-4% \/ 2 );\"><div class=\"fusion-layout-column fusion_builder_column fusion-builder-column-0 fusion_builder_column_1_1 1_1 fusion-flex-column\" style=\"--awb-padding-left:42px;--awb-bg-blend:overlay;--awb-bg-size:cover;--awb-width-large:100%;--awb-margin-top-large:0px;--awb-spacing-right-large:1.92%;--awb-margin-bottom-large:0px;--awb-spacing-left-large:0%;--awb-width-medium:100%;--awb-spacing-right-medium:1.92%;--awb-spacing-left-medium:1.92%;--awb-width-small:100%;--awb-spacing-right-small:1.92%;--awb-spacing-left-small:1.92%;\"><div class=\"fusion-column-wrapper fusion-flex-justify-content-flex-start fusion-content-layout-column\"><div class=\"fusion-text fusion-text-1\"><p>Aplicontrol Castell\u00f3 SL, informa els usuaris del lloc web sobre la seva pol\u00edtica respecte al tractament i protecci\u00f3 de les dades de car\u00e0cter personal dels usuaris i clients.<\/p>\n<p>I garanteix en tot moment l\u2019\u00edntegre i ple compliment de les obligacions disposades per la normativa de protecci\u00f3 de dades i serveis de la societat de la informaci\u00f3: Reglament (UE) 2016\/679 del Parlament Europeu i del Consell, de 27 d\u2019abril de 2016, relatiu a la protecci\u00f3 de les persones f\u00edsiques pel que fa al tractament de dades personals i a la lliure circulaci\u00f3 d\u2019aquestes dades (RGPD), la normativa Llei Org\u00e0nica 3\/2018, de 5 de desembre, de Protecci\u00f3 de Dades Personals i garantia dels drets digitals (LOPDGDD) i la Llei 34\/2002, d\u201911 de juliol, de Serveis de la Societat de la Informaci\u00f3 i del Comer\u00e7 Electr\u00f2nic (LSSIce).<\/p>\n<p><strong>RESPONSABLE DEL TRACTAMENT<\/strong><\/p>\n<p><strong>Empresa titular del lloc web:<\/strong> Aplicontrol Castell\u00f3 SL<\/p>\n<p><strong>C.I.F.:<\/strong> B25797739<\/p>\n<p><strong>Domicili:<\/strong> Carrer d\u2019Omoradilla, 4, 6, 25221 Els Alam\u00fas, Lleida<\/p>\n<p><strong>Tel\u00e8fon:<\/strong> 973 19 90 57<\/p>\n<p><strong>Correu electr\u00f2nic:<\/strong> info@aplicontrol.com<\/p>\n<p><strong>Contacte:<\/strong> Jordi Mir\u00f3<\/p>\n<p><strong>Nom del domini:<\/strong> https:\/\/aplicontrol.eu<\/p>\n<p><strong>FINALITATS DEL TRACTAMENT DE LES DADES<\/strong><\/p>\n<p>Les dades facilitades per l\u2019Usuari s\u00f3n utilitzats per diverses finalitats que s\u2019enumeren a continuaci\u00f3:<\/p>\n<p><strong>Finalidad del tratamiento<\/strong><\/p>\n<p>Gestionar les consultes plantejades a trav\u00e9s del formulari de consulta<br \/>\nEnviament de newsletters, comunicacions comercials i promocions.<br \/>\nGestionar les incid\u00e8ncies i el manteniment de la web.<\/p>\n<p><strong>Base jur\u00eddica per al tractament<\/strong><\/p>\n<p>Inter\u00e8s leg\u00edtim de la Societat per a atendre els requeriments d\u2019informaci\u00f3 a trav\u00e9s de la web.<br \/>\nConsentiment prestat de manera expressa en el moment de recollida de les dades a trav\u00e9s dels formularis web.<br \/>\nInter\u00e8s leg\u00edtim de la Societat.<\/p>\n<p><strong>TERMINI DE CONSERVACI\u00d3 DE LES DADES<\/strong><\/p>\n<p><strong>Finalidad del tratamiento<\/strong><\/p>\n<p>Gestionar les consultes plantejades a trav\u00e9s del formulari de consulta<br \/>\nEnviament de newsletters, comunicacions comercials i promocions.<br \/>\nGestionar les incid\u00e8ncies i el manteniment de la web.<\/p>\n<p><strong>Termini de conservaci\u00f3<\/strong><\/p>\n<p>Tractarem les teves dades durant el temps que sigui necessari per a atendre la teva sol\u2022licitud o petici\u00f3.<br \/>\nTractarem les teves dades fins que et donis de baixa.<br \/>\nTractarem les seves dades durant el temps necessari per a complir els terminis legals de prescripci\u00f3 que li resultin d\u2019aplicaci\u00f3.<\/p>\n<p><strong>\u00a0<\/strong><\/p>\n<p><strong>DESTINATARIS DE LES DADES<\/strong><\/p>\n<p>Per a complir les finalitats indicades en la present Pol\u00edtica de Privacitat, \u00e9s necessari que donem acc\u00e9s a les teves dades personals a terceres parts que ens donin suport en els serveis que t\u2019oferim (Encarats de Tractament).<\/p>\n<p>Els encarregats de tractament per a l\u2019execuci\u00f3 d\u2019un contracte o prestaci\u00f3 d\u2019un servei al Responsable, seguint per aix\u00f2 les seves instruccions en tot moment i assegurant els mateixos nivells de seguretat.<\/p>\n<p><strong>\u00a0<\/strong><\/p>\n<p><strong>DRETS DELS USUARIS<\/strong><\/p>\n<p>L\u2019usuari t\u00e9 dret a:<\/p>\n<ul>\n<li>Sol\u00b7licitar l\u2019acc\u00e9s a les seves dades personals que s\u2019estan tractant i rebre aquesta informaci\u00f3 per escrit pel mitj\u00e0 sol\u00b7licitat.<\/li>\n<li>Sol\u00b7licitar la rectificaci\u00f3 de les dades personals inexactes o, si escau, sol\u00b7licitar la seva supressi\u00f3 quan, entre altres motius, les dades ja no siguin necessaris per a la finalitat pels quals van ser recollits.<\/li>\n<li>Sol\u00b7licitar la limitaci\u00f3 del tractament de les seves dades.<\/li>\n<li>Oposar-se al tractament de les seves dades personals quan escaigui, en aquest cas es deixaran de tractar les seves dades excepte per motius leg\u00edtims.<\/li>\n<li>Dret a la portabilitat de les dades. L\u2019interessat\/interessada t\u00e9 dret a rebre les dades personals si han estat facilitades en un format estructurat, d\u2019\u00fas com\u00fa i de lectura mec\u00e0nica, i a transmetre-les a un altre responsable, si es compleixen els requisits seg\u00fcents:<\/li>\n<\/ul>\n<ol>\n<li>El tractament es basa en el consentiment o en un contracte.<\/li>\n<li>El tractament es fa per mitjans automatitzats.<\/li>\n<\/ol>\n<ul>\n<li>Dret a retirar el consentiment prestat.<\/li>\n<li>Dret a reclamar davant l\u2019Ag\u00e8ncia Espanyola de Protecci\u00f3 de Dades.<\/li>\n<\/ul>\n<p>L\u2019Usuari pot exercitar els drets anteriorment indicats a l\u2019adre\u00e7a de correu postal o electr\u00f2nica del Responsable, acreditant la seva identitat amb una c\u00f2pia escanejada del seu DNI o document equivalent, i especificant el dret que desitja exercir.<\/p>\n<p><strong>PROCED\u00c8NCIA DE LES DADES<\/strong><\/p>\n<p>Les dades personals han de ser facilitades pel propi interessat de forma absolutament volunt\u00e0ria. La manca d\u2019algunes dades o la no resposta de preguntes que puguin formular-se a la persona interessada en els processos de registre o a trav\u00e9s de formularis electr\u00f2nics, pot provocar la impossibilitat d\u2019acc\u00e9s a determinats serveis per a la prestaci\u00f3 dels quals \u00e9s imprescindible de disposar d\u2019aquestes dades de car\u00e0cter personal. En aquest cas, el Responsable del Tractament ha d\u2019informar del car\u00e0cter obligatori o necessari de facilitar les dades personals per al funcionament del servei.<\/p>\n<p>El Responsable assegura la confidencialitat de les seves dades personals i garanteix la seguretat d\u2019aquests, adoptant les mesures necess\u00e0ries per a evitar la seva alteraci\u00f3, p\u00e8rdua, tractament o acc\u00e9s no autoritzat.<\/p>\n<p><strong>INFORMACI\u00d3 FACILITADA PER L\u2019INTERESSAT\/INTERESSADA<\/strong><\/p>\n<p>Els i les menors de 18 anys no poden cedir les seves dades personals sense el previ consentiment del seu pare\/mare i\/o tutors legals.<\/p>\n<p>L\u2019interessat\/interessada introduint les seves dades en els formularis de contacte o presentats en formularis de desc\u00e0rrega, accepten expressament i de forma lliure i inequ\u00edvoca que les seves dades s\u00f3n necess\u00e0ries perqu\u00e8 el Responsable atengui la seva petici\u00f3, i \u00e9s volunt\u00e0ria la inclusi\u00f3 de dades en els camps restants.<\/p>\n<p>L\u2019interessat\/interessada garanteix que les dades personals facilitades al prestador s\u00f3n veraces i es fa responsable de comunicar qualsevol modificaci\u00f3 d\u2019aquestes.<\/p>\n<p>Totes les dades sol\u2022licitades a trav\u00e9s del lloc web s\u00f3n necessaris per a la prestaci\u00f3 d\u2019un servei \u00f2ptim a l\u2019interessat\/interessada. En cas que no siguin facilitades totes les dades, no es garanteix que la informaci\u00f3 i serveis que El responsable li faciliti, siguin completament ajustats a les seves necessitats.<\/p>\n<p><strong>MESURES DE SEGURETAT<\/strong><\/p>\n<p>Que doni conformitat amb el que disposen les normatives vigents en mat\u00e8ria de protecci\u00f3 de dades personals, El Responsable est\u00e0 complint amb totes les disposicions de les normatives RGPD i LOPDGDD per al tractament de les dades personals de la seva responsabilitat, i manifestament amb els principis descrits en l\u2019article 5 del RGPD i en l\u2019article 4 de la LOPDGDD, pels quals s\u00f3n tractats de manera l\u00edcita, lleial i transparent en relaci\u00f3 amb l\u2019interessat i adequades, pertinents i limitats al que \u00e9s necessari en relaci\u00f3 amb els fins per als quals s\u00f3n tractats.<\/p>\n<p>El responsable garanteix que ha implementat pol\u00edtiques t\u00e8cniques i organitzatives apropiades per aplicar les mesures de seguretat que estableixen el RGPD i la LOPDGDD per tal de protegir els drets i llibertats de l\u2019interessat\/interessadai els ha comunicat la informaci\u00f3 adequada perqu\u00e8 puguin exercir-los.<\/p>\n<p><strong>BRETXES DE SEGURETAT<\/strong><\/p>\n<p>El Responsable informar\u00e0 sobre qualsevol bretxa de seguretat que afecti la base de dades que utilitza aquest lloc web, o que afecti a qualsevol dels nostres serveis de tercers, a totes i cadascuna de les persones, dades dels quals puguin haver estat afectades, i autoritats, dins de les 72 hores seg\u00fcents a la detecci\u00f3 de la bretxa.<\/p>\n<p><strong>LEGISLACI\u00d3 APLICABLE I JURISDICCI\u00d3<\/strong><\/p>\n<p>Per a la resoluci\u00f3 de totes les controv\u00e8rsies o q\u00fcestions relacionades amb el present lloc web o de les activitats en ell desenvolupades, ser\u00e0 d\u2019aplicaci\u00f3 la legislaci\u00f3 espanyola, a la qual se sotmeten expressament les parts, sent competents per a la resoluci\u00f3 de tots els conflictes derivats o relacionats amb el seu \u00fas els Jutjats i Tribunals de Tarragona.<\/p>\n<\/div><\/div><\/div><\/div><\/div><div class=\"fusion-fullwidth fullwidth-box fusion-builder-row-2 fusion-flex-container has-pattern-background has-mask-background nonhundred-percent-fullwidth non-hundred-percent-height-scrolling\" style=\"--awb-border-radius-top-left:0px;--awb-border-radius-top-right:0px;--awb-border-radius-bottom-right:0px;--awb-border-radius-bottom-left:0px;--awb-flex-wrap:wrap;\" ><div class=\"fusion-builder-row fusion-row fusion-flex-align-items-flex-start fusion-flex-content-wrap\" style=\"max-width:1206.4px;margin-left: calc(-4% \/ 2 );margin-right: calc(-4% \/ 2 );\"><div class=\"fusion-layout-column fusion_builder_column fusion-builder-column-1 fusion_builder_column_1_1 1_1 fusion-flex-column\" style=\"--awb-bg-size:cover;--awb-width-large:100%;--awb-margin-top-large:25px;--awb-spacing-right-large:1.92%;--awb-margin-bottom-large:25px;--awb-spacing-left-large:1.92%;--awb-width-medium:100%;--awb-order-medium:0;--awb-spacing-right-medium:1.92%;--awb-spacing-left-medium:1.92%;--awb-width-small:100%;--awb-order-small:0;--awb-spacing-right-small:1.92%;--awb-spacing-left-small:1.92%;\"><div class=\"fusion-column-wrapper fusion-column-has-shadow fusion-flex-justify-content-flex-start fusion-content-layout-column\"><div class=\"fusion-separator fusion-full-width-sep\" style=\"align-self: center;margin-left: auto;margin-right: auto;width:100%;\"><div class=\"fusion-separator-border sep-single sep-solid\" style=\"--awb-height:20px;--awb-amount:20px;--awb-sep-color:var(--awb-color5);border-color:var(--awb-color5);border-top-width:3px;\"><\/div><\/div><\/div><\/div><\/div><\/div><footer class=\"fusion-fullwidth fullwidth-box fusion-builder-row-3 fusion-flex-container nonhundred-percent-fullwidth non-hundred-percent-height-scrolling\" style=\"--awb-border-radius-top-left:0px;--awb-border-radius-top-right:0px;--awb-border-radius-bottom-right:0px;--awb-border-radius-bottom-left:0px;--awb-padding-top:0%;--awb-padding-bottom:0%;--awb-margin-top:20px;--awb-margin-bottom:22px;--awb-background-color:var(--awb-color1);--awb-flex-wrap:wrap;\" ><div class=\"fusion-builder-row fusion-row fusion-flex-align-items-flex-start fusion-flex-content-wrap\" style=\"max-width:1206.4px;margin-left: calc(-4% \/ 2 );margin-right: calc(-4% \/ 2 );\"><div class=\"fusion-layout-column fusion_builder_column fusion-builder-column-2 fusion_builder_column_1_1 1_1 fusion-flex-column\" style=\"--awb-bg-size:cover;--awb-width-large:100%;--awb-margin-top-large:0px;--awb-spacing-right-large:1.92%;--awb-margin-bottom-large:0px;--awb-spacing-left-large:0%;--awb-width-medium:100%;--awb-order-medium:0;--awb-spacing-right-medium:1.92%;--awb-spacing-left-medium:1.92%;--awb-width-small:100%;--awb-order-small:0;--awb-spacing-right-small:1.92%;--awb-spacing-left-small:1.92%;\"><div class=\"fusion-column-wrapper fusion-column-has-shadow fusion-flex-justify-content-flex-start fusion-content-layout-column\"><div class=\"fusion-title title fusion-title-1 fusion-sep-none fusion-title-center fusion-title-text fusion-title-size-three\" style=\"--awb-text-color:var(--awb-color6);--awb-margin-top-small:0px;--awb-margin-right-small:0px;--awb-margin-bottom-small:20px;--awb-margin-left-small:0px;--awb-font-size:24px;\"><h3 class=\"fusion-title-heading title-heading-center fusion-responsive-typography-calculated\" style=\"margin:0;font-size:1em;--fontSize:24;--minFontSize:24;line-height:1.3;\"><p style=\"text-align: center;\"><span class=\"peuimatgedos\">P\u00e0gina web creada i finan\u00e7ada amb fons del <strong>Kit Digital<\/strong>:<\/span><\/p><\/h3><\/div><\/div><\/div><div class=\"fusion-layout-column fusion_builder_column fusion-builder-column-3 fusion_builder_column_1_2 1_2 fusion-flex-column fusion-animated\" style=\"--awb-bg-blend:overlay;--awb-bg-size:cover;--awb-width-large:50%;--awb-margin-top-large:10px;--awb-spacing-right-large:1.152%;--awb-margin-bottom-large:0px;--awb-spacing-left-large:0%;--awb-width-medium:50%;--awb-spacing-right-medium:1.152%;--awb-spacing-left-medium:7.68%;--awb-width-small:100%;--awb-spacing-right-small:1.92%;--awb-spacing-left-small:1.92%;\" data-animationtype=\"fadeInLeft\" data-animationduration=\"0.8\" data-animationoffset=\"top-into-view\"><div class=\"fusion-column-wrapper fusion-flex-justify-content-flex-start fusion-content-layout-column\"><div class=\"fusion-image-element sm-text-align-center\" style=\"text-align:right;--awb-max-width:280px;--awb-caption-title-font-family:var(--h2_typography-font-family);--awb-caption-title-font-weight:var(--h2_typography-font-weight);--awb-caption-title-font-style:var(--h2_typography-font-style);--awb-caption-title-size:var(--h2_typography-font-size);--awb-caption-title-transform:var(--h2_typography-text-transform);--awb-caption-title-line-height:var(--h2_typography-line-height);--awb-caption-title-letter-spacing:var(--h2_typography-letter-spacing);\"><span class=\"fusion-imageframe imageframe-none imageframe-1 hover-type-none\"><a class=\"fusion-no-lightbox\" href=\"https:\/\/planderecuperacion.gob.es\/\" target=\"_blank\" aria-label=\"Logo Pla de Recuperaci\u00f3, Transformaci\u00f3 i Resili\u00e8ncia\" rel=\"noopener noreferrer\"><img decoding=\"async\" width=\"400\" height=\"107\" alt=\"Plan de Recuperaci\u00f3n, Transformaci\u00f3n y Resiliencia\" src=\"https:\/\/aplicontrol.eu\/wp-content\/uploads\/2024\/03\/Logo-PRTR-tres-lineas_COLOR-400x107.png\" class=\"img-responsive wp-image-999\" srcset=\"https:\/\/aplicontrol.eu\/wp-content\/uploads\/2024\/03\/Logo-PRTR-tres-lineas_COLOR-200x54.png 200w, https:\/\/aplicontrol.eu\/wp-content\/uploads\/2024\/03\/Logo-PRTR-tres-lineas_COLOR-400x107.png 400w, https:\/\/aplicontrol.eu\/wp-content\/uploads\/2024\/03\/Logo-PRTR-tres-lineas_COLOR.png 600w\" sizes=\"(max-width: 1024px) 100vw, (max-width: 640px) 100vw, 400px\" \/><\/a><\/span><\/div><\/div><\/div><div class=\"fusion-layout-column fusion_builder_column fusion-builder-column-4 fusion_builder_column_1_2 1_2 fusion-flex-column fusion-animated\" style=\"--awb-bg-blend:overlay;--awb-bg-size:cover;--awb-width-large:50%;--awb-margin-top-large:10px;--awb-spacing-right-large:0%;--awb-margin-bottom-large:0px;--awb-spacing-left-large:1.152%;--awb-width-medium:50%;--awb-spacing-right-medium:0%;--awb-spacing-left-medium:7.68%;--awb-width-small:100%;--awb-spacing-right-small:1.92%;--awb-spacing-left-small:1.92%;\" data-animationtype=\"fadeInLeft\" data-animationduration=\"0.8\" data-animationoffset=\"top-into-view\"><div class=\"fusion-column-wrapper fusion-flex-justify-content-flex-start fusion-content-layout-column\"><div class=\"fusion-image-element sm-text-align-center\" style=\"text-align:left;--awb-max-width:280px;--awb-caption-title-font-family:var(--h2_typography-font-family);--awb-caption-title-font-weight:var(--h2_typography-font-weight);--awb-caption-title-font-style:var(--h2_typography-font-style);--awb-caption-title-size:var(--h2_typography-font-size);--awb-caption-title-transform:var(--h2_typography-text-transform);--awb-caption-title-line-height:var(--h2_typography-line-height);--awb-caption-title-letter-spacing:var(--h2_typography-letter-spacing);\"><span class=\"fusion-imageframe imageframe-none imageframe-2 hover-type-none\"><a class=\"fusion-no-lightbox\" href=\"https:\/\/next-generation-eu.europa.eu\/index_es\" target=\"_blank\" aria-label=\"Logo Finan\u00e7at per la Uni\u00f3 Europea, Next GenerationEU\" rel=\"noopener noreferrer\"><img decoding=\"async\" width=\"400\" height=\"117\" alt=\"Financiado por la Uni\u00f3n Europea, Next GenerationEU\" src=\"https:\/\/aplicontrol.eu\/wp-content\/uploads\/2024\/03\/ES-Financiado-por-la-Union-Europea_POS-400x117.png\" class=\"img-responsive wp-image-1000\" srcset=\"https:\/\/aplicontrol.eu\/wp-content\/uploads\/2024\/03\/ES-Financiado-por-la-Union-Europea_POS-200x59.png 200w, https:\/\/aplicontrol.eu\/wp-content\/uploads\/2024\/03\/ES-Financiado-por-la-Union-Europea_POS-400x117.png 400w, https:\/\/aplicontrol.eu\/wp-content\/uploads\/2024\/03\/ES-Financiado-por-la-Union-Europea_POS.png 600w\" sizes=\"(max-width: 1024px) 100vw, (max-width: 640px) 100vw, 400px\" \/><\/a><\/span><\/div><\/div><\/div><\/div><\/footer>\n<\/p>","protected":false},"excerpt":{"rendered":"","protected":false},"author":2,"featured_media":0,"parent":0,"menu_order":0,"comment_status":"closed","ping_status":"closed","template":"100-width.php","meta":{"footnotes":""},"class_list":["post-1030","page","type-page","status-publish","hentry"],"yoast_head":"<!-- This site is optimized with the Yoast SEO plugin v27.5 - https:\/\/yoast.com\/product\/yoast-seo-wordpress\/ -->\n<title>Pol\u00edtica de Privacidad - Aplicontrol<\/title>\n<meta name=\"description\" content=\"Aplicontrol Castell\u00f3 SL, informa a los usuarios del sitio web sobre su pol\u00edtica respecto al tratamiento y protecci\u00f3n de los datos de car\u00e1cter...\" \/>\n<meta name=\"robots\" content=\"index, follow, max-snippet:-1, max-image-preview:large, max-video-preview:-1\" \/>\n<link rel=\"canonical\" href=\"https:\/\/aplicontrol.eu\/ca\/politica-de-privacidad\/\" \/>\n<meta property=\"og:locale\" content=\"ca_ES\" \/>\n<meta property=\"og:type\" content=\"article\" \/>\n<meta property=\"og:title\" content=\"Pol\u00edtica de Privacidad - Aplicontrol\" \/>\n<meta property=\"og:description\" content=\"Aplicontrol Castell\u00f3 SL, informa a los usuarios del sitio web sobre su pol\u00edtica respecto al tratamiento y protecci\u00f3n de los datos de car\u00e1cter...\" \/>\n<meta property=\"og:url\" content=\"https:\/\/aplicontrol.eu\/ca\/politica-de-privacidad\/\" \/>\n<meta property=\"og:site_name\" content=\"Aplicontrol\" \/>\n<meta property=\"article:modified_time\" content=\"2024-03-11T11:58:39+00:00\" \/>\n<meta name=\"twitter:card\" content=\"summary_large_image\" \/>\n<meta name=\"twitter:label1\" content=\"Temps estimat de lectura\" \/>\n\t<meta name=\"twitter:data1\" content=\"6 minuts\" \/>\n<script type=\"application\/ld+json\" class=\"yoast-schema-graph\">{\"@context\":\"https:\\\/\\\/schema.org\",\"@graph\":[{\"@type\":\"WebPage\",\"@id\":\"https:\\\/\\\/aplicontrol.eu\\\/politica-de-privacidad\\\/\",\"url\":\"https:\\\/\\\/aplicontrol.eu\\\/politica-de-privacidad\\\/\",\"name\":\"Pol\u00edtica de Privacidad - Aplicontrol\",\"isPartOf\":{\"@id\":\"https:\\\/\\\/aplicontrol.eu\\\/#website\"},\"datePublished\":\"2024-03-11T11:39:45+00:00\",\"dateModified\":\"2024-03-11T11:58:39+00:00\",\"description\":\"Aplicontrol Castell\u00f3 SL, informa a los usuarios del sitio web sobre su pol\u00edtica respecto al tratamiento y protecci\u00f3n de los datos de car\u00e1cter...\",\"breadcrumb\":{\"@id\":\"https:\\\/\\\/aplicontrol.eu\\\/politica-de-privacidad\\\/#breadcrumb\"},\"inLanguage\":\"ca\",\"potentialAction\":[{\"@type\":\"ReadAction\",\"target\":[\"https:\\\/\\\/aplicontrol.eu\\\/politica-de-privacidad\\\/\"]}]},{\"@type\":\"BreadcrumbList\",\"@id\":\"https:\\\/\\\/aplicontrol.eu\\\/politica-de-privacidad\\\/#breadcrumb\",\"itemListElement\":[{\"@type\":\"ListItem\",\"position\":1,\"name\":\"Portada\",\"item\":\"https:\\\/\\\/aplicontrol.eu\\\/\"},{\"@type\":\"ListItem\",\"position\":2,\"name\":\"Pol\u00edtica de Privacidad\"}]},{\"@type\":\"WebSite\",\"@id\":\"https:\\\/\\\/aplicontrol.eu\\\/#website\",\"url\":\"https:\\\/\\\/aplicontrol.eu\\\/\",\"name\":\"Aplicontrol\",\"description\":\"Sitio web oficial de Aplicontrol - Automatizaci\u00f3n de f\u00e1bricas y procesos industriales\",\"potentialAction\":[{\"@type\":\"SearchAction\",\"target\":{\"@type\":\"EntryPoint\",\"urlTemplate\":\"https:\\\/\\\/aplicontrol.eu\\\/?s={search_term_string}\"},\"query-input\":{\"@type\":\"PropertyValueSpecification\",\"valueRequired\":true,\"valueName\":\"search_term_string\"}}],\"inLanguage\":\"ca\"}]}<\/script>\n<!-- \/ Yoast SEO plugin. -->","yoast_head_json":{"title":"Pol\u00edtica de Privacidad - Aplicontrol","description":"Aplicontrol Castell\u00f3 SL, informa a los usuarios del sitio web sobre su pol\u00edtica respecto al tratamiento y protecci\u00f3n de los datos de car\u00e1cter...","robots":{"index":"index","follow":"follow","max-snippet":"max-snippet:-1","max-image-preview":"max-image-preview:large","max-video-preview":"max-video-preview:-1"},"canonical":"https:\/\/aplicontrol.eu\/ca\/politica-de-privacidad\/","og_locale":"ca_ES","og_type":"article","og_title":"Pol\u00edtica de Privacidad - Aplicontrol","og_description":"Aplicontrol Castell\u00f3 SL, informa a los usuarios del sitio web sobre su pol\u00edtica respecto al tratamiento y protecci\u00f3n de los datos de car\u00e1cter...","og_url":"https:\/\/aplicontrol.eu\/ca\/politica-de-privacidad\/","og_site_name":"Aplicontrol","article_modified_time":"2024-03-11T11:58:39+00:00","twitter_card":"summary_large_image","twitter_misc":{"Temps estimat de lectura":"6 minuts"},"schema":{"@context":"https:\/\/schema.org","@graph":[{"@type":"WebPage","@id":"https:\/\/aplicontrol.eu\/politica-de-privacidad\/","url":"https:\/\/aplicontrol.eu\/politica-de-privacidad\/","name":"Pol\u00edtica de Privacidad - Aplicontrol","isPartOf":{"@id":"https:\/\/aplicontrol.eu\/#website"},"datePublished":"2024-03-11T11:39:45+00:00","dateModified":"2024-03-11T11:58:39+00:00","description":"Aplicontrol Castell\u00f3 SL, informa a los usuarios del sitio web sobre su pol\u00edtica respecto al tratamiento y protecci\u00f3n de los datos de car\u00e1cter...","breadcrumb":{"@id":"https:\/\/aplicontrol.eu\/politica-de-privacidad\/#breadcrumb"},"inLanguage":"ca","potentialAction":[{"@type":"ReadAction","target":["https:\/\/aplicontrol.eu\/politica-de-privacidad\/"]}]},{"@type":"BreadcrumbList","@id":"https:\/\/aplicontrol.eu\/politica-de-privacidad\/#breadcrumb","itemListElement":[{"@type":"ListItem","position":1,"name":"Portada","item":"https:\/\/aplicontrol.eu\/"},{"@type":"ListItem","position":2,"name":"Pol\u00edtica de Privacidad"}]},{"@type":"WebSite","@id":"https:\/\/aplicontrol.eu\/#website","url":"https:\/\/aplicontrol.eu\/","name":"Aplicontrol","description":"Sitio web oficial de Aplicontrol - Automatizaci\u00f3n de f\u00e1bricas y procesos industriales","potentialAction":[{"@type":"SearchAction","target":{"@type":"EntryPoint","urlTemplate":"https:\/\/aplicontrol.eu\/?s={search_term_string}"},"query-input":{"@type":"PropertyValueSpecification","valueRequired":true,"valueName":"search_term_string"}}],"inLanguage":"ca"}]}},"_links":{"self":[{"href":"https:\/\/aplicontrol.eu\/ca\/wp-json\/wp\/v2\/pages\/1030","targetHints":{"allow":["GET"]}}],"collection":[{"href":"https:\/\/aplicontrol.eu\/ca\/wp-json\/wp\/v2\/pages"}],"about":[{"href":"https:\/\/aplicontrol.eu\/ca\/wp-json\/wp\/v2\/types\/page"}],"author":[{"embeddable":true,"href":"https:\/\/aplicontrol.eu\/ca\/wp-json\/wp\/v2\/users\/2"}],"replies":[{"embeddable":true,"href":"https:\/\/aplicontrol.eu\/ca\/wp-json\/wp\/v2\/comments?post=1030"}],"version-history":[{"count":3,"href":"https:\/\/aplicontrol.eu\/ca\/wp-json\/wp\/v2\/pages\/1030\/revisions"}],"predecessor-version":[{"id":1034,"href":"https:\/\/aplicontrol.eu\/ca\/wp-json\/wp\/v2\/pages\/1030\/revisions\/1034"}],"wp:attachment":[{"href":"https:\/\/aplicontrol.eu\/ca\/wp-json\/wp\/v2\/media?parent=1030"}],"curies":[{"name":"wp","href":"https:\/\/api.w.org\/{rel}","templated":true}]}}