{"id":1037,"date":"2024-03-11T12:52:33","date_gmt":"2024-03-11T11:52:33","guid":{"rendered":"https:\/\/aplicontrol.eu\/?page_id=1037"},"modified":"2024-03-11T12:53:38","modified_gmt":"2024-03-11T11:53:38","slug":"accesibilidad","status":"publish","type":"page","link":"https:\/\/aplicontrol.eu\/ca\/accesibilidad\/","title":{"rendered":"Accessibilitat"},"content":{"rendered":"<p><div class=\"fusion-fullwidth fullwidth-box fusion-builder-row-1 fusion-flex-container nonhundred-percent-fullwidth non-hundred-percent-height-scrolling\" style=\"--awb-border-radius-top-left:0px;--awb-border-radius-top-right:0px;--awb-border-radius-bottom-right:0px;--awb-border-radius-bottom-left:0px;--awb-flex-wrap:wrap;\" ><div class=\"fusion-builder-row fusion-row fusion-flex-align-items-flex-start fusion-flex-content-wrap\" style=\"max-width:1206.4px;margin-left: calc(-4% \/ 2 );margin-right: calc(-4% \/ 2 );\"><div class=\"fusion-layout-column fusion_builder_column fusion-builder-column-0 fusion_builder_column_1_1 1_1 fusion-flex-column\" style=\"--awb-padding-left:42px;--awb-bg-blend:overlay;--awb-bg-size:cover;--awb-width-large:100%;--awb-margin-top-large:0px;--awb-spacing-right-large:1.92%;--awb-margin-bottom-large:0px;--awb-spacing-left-large:0%;--awb-width-medium:100%;--awb-spacing-right-medium:1.92%;--awb-spacing-left-medium:1.92%;--awb-width-small:100%;--awb-spacing-right-small:1.92%;--awb-spacing-left-small:1.92%;\"><div class=\"fusion-column-wrapper fusion-flex-justify-content-flex-start fusion-content-layout-column\"><div class=\"fusion-text fusion-text-1\"><p><strong>Obtenir el consentiment de l\u2019usuari en sol\u00b7licitar dades personals<\/strong><\/p>\n<p><strong>\u00a0<\/strong><\/p>\n<p>El consentiment ha de donar-se mitjan\u00e7ant una acci\u00f3 afirmativa clara que reflecteixi una manifestaci\u00f3 de voluntat lliure, espec\u00edfica, informada, i inequ\u00edvoca de l\u2019interessat i ha d\u2019atorgar-se per a totes les activitats de tractament realitzades. Quan el tractament tingui diverses finalitats, el consentiment ha de donar-se per cada una d\u2019elles. Si s\u2019ha de donar arran d\u2019una sol\u00b7licitud per mitjans electr\u00f2nics, aquesta ha de ser clara, concisa i no pertorbar innecess\u00e0riament l\u2019\u00fas del servei per al qual es presta.<\/p>\n<p>Aquest consentiment expr\u00e9s pot traslladar-se a un formulari web a trav\u00e9s de la implementaci\u00f3 d\u2019unes caselles de verificaci\u00f3 que estiguin desmarcades per defecte, aix\u00f2 \u00e9s vital, per a poder demostrar aquesta voluntat per part de la persona per tractar les seves dades personals.<\/p>\n<p>Les caselles de pre-marca, el silenci i la inacci\u00f3 de l\u2019interessat no constitueixen un tractament l\u00edcit de dades, de manera que aquestes f\u00f3rmules no s\u2019han d\u2019utilitzar.<\/p>\n<p>Hem parlat en l\u2019apartat anterior de fins espec\u00edfics, \u00e9s a dir, quan alg\u00fa proporciona les seves dades cal de detallar de manera clara, inequ\u00edvoca i transparent quines seran les condicions de tractament de les dades.<\/p>\n<p>Al ser un consentiment expr\u00e9s lligat a una finalitat espec\u00edfica cal demostrar que s\u2019ha recollit seguint aquests preceptes i la c\u00e0rrega probat\u00f2ria recau sobre l\u2019organitzaci\u00f3 que rep i tracta aquestes dades.<\/p>\n<p>Un exemple de com poder demostrar que ens han autoritzat es que cada alta generi un e-mail de resposta autom\u00e0tica amb les dades de la persona sol\u2022licitat, la seva IP, accepto, data, hora exacta i navegador que va utilitzar. Aquest e-mail s\u2019ha de guardar com a justificant en cas de conflicte amb l\u2019usuari.<\/p>\n<p><strong>Primera capa d\u2019informaci\u00f3 b\u00e0sica<\/strong><\/p>\n<p>Amb els requisits i principis introdu\u00efts pel RGPD respecte a l\u2019obligaci\u00f3 d\u2019informar, la simple remissi\u00f3 a la pol\u00edtica de privacitat des dels formularis web ja no \u00e9s suficient per a complir amb aquestes obligacions.<\/p>\n<p>Les Autoritats de Protecci\u00f3 de Dades de la Uni\u00f3 Europea, recomanen utilitzar un model d\u2019informaci\u00f3 per capes, presentant una primera capa, amb una informaci\u00f3 b\u00e0sica sobre protecci\u00f3 de dades i remetre des d\u2019aquesta, m\u00e9s senzilla i immediata, a una segona capa amb la informaci\u00f3 restant.<\/p>\n<p>En la <a href=\"\/ca\/blank\/\" target=\"_self\" rel=\"noopener\">Guia per al Compliment del Deure d\u2019Informar<\/a>, de l\u2019AEPD estableix que aquesta primera capa informativa ha de reunir els seg\u00fcents requisits:<\/p>\n<p>\u2013 La informaci\u00f3 s\u2019ha de posar a la disposici\u00f3 dels interessats en el moment en qu\u00e8 se sol\u2022licitin les dades, pr\u00e8viament a la recollida o registre.<\/p>\n<p>\u2013 Aquesta obligaci\u00f3 s\u2019ha de complir sense necessitat de cap requeriment, i el responsable haur\u00e0 de poder acreditar amb posterioritat que l\u2019obligaci\u00f3 d\u2019informar ha estat satisfeta.<\/p>\n<p>\u2013 Ha d\u2019estar clarament identificada amb un t\u00edtol tal com \u201cInformaci\u00f3 b\u00e0sica sobre protecci\u00f3 de dades\u201d.<\/p>\n<p>\u2013 El responsable del tractament ha de garantir que aquesta informaci\u00f3 quedi \u201cdins del camp de visi\u00f3\u201d de l\u2019interessat.<\/p>\n<p>\u2013 Els interessats han de rebre una c\u00f2pia on s\u2019inclogui aquesta informaci\u00f3 b\u00e0sica.<\/p>\n<p>La LOPDGDD en el seu article 72 tipifica com a INFRACCI\u00d3 MOLT GREU l\u2019omissi\u00f3 del deure d\u2019informar l\u2019afectat sobre el tractament de les seves dades personals conforme al que es disposa en els articles 13 i 14 del Reglament (UE) 2016\/679 (RGPD).<\/p>\n<\/div><\/div><\/div><\/div><\/div><div class=\"fusion-fullwidth fullwidth-box fusion-builder-row-2 fusion-flex-container has-pattern-background has-mask-background nonhundred-percent-fullwidth non-hundred-percent-height-scrolling\" style=\"--awb-border-radius-top-left:0px;--awb-border-radius-top-right:0px;--awb-border-radius-bottom-right:0px;--awb-border-radius-bottom-left:0px;--awb-flex-wrap:wrap;\" ><div class=\"fusion-builder-row fusion-row fusion-flex-align-items-flex-start fusion-flex-content-wrap\" style=\"max-width:1206.4px;margin-left: calc(-4% \/ 2 );margin-right: calc(-4% \/ 2 );\"><div class=\"fusion-layout-column fusion_builder_column fusion-builder-column-1 fusion_builder_column_1_1 1_1 fusion-flex-column\" style=\"--awb-bg-size:cover;--awb-width-large:100%;--awb-margin-top-large:25px;--awb-spacing-right-large:1.92%;--awb-margin-bottom-large:25px;--awb-spacing-left-large:1.92%;--awb-width-medium:100%;--awb-order-medium:0;--awb-spacing-right-medium:1.92%;--awb-spacing-left-medium:1.92%;--awb-width-small:100%;--awb-order-small:0;--awb-spacing-right-small:1.92%;--awb-spacing-left-small:1.92%;\"><div class=\"fusion-column-wrapper fusion-column-has-shadow fusion-flex-justify-content-flex-start fusion-content-layout-column\"><div class=\"fusion-separator fusion-full-width-sep\" style=\"align-self: center;margin-left: auto;margin-right: auto;width:100%;\"><div class=\"fusion-separator-border sep-single sep-solid\" style=\"--awb-height:20px;--awb-amount:20px;--awb-sep-color:var(--awb-color5);border-color:var(--awb-color5);border-top-width:3px;\"><\/div><\/div><\/div><\/div><\/div><\/div><footer class=\"fusion-fullwidth fullwidth-box fusion-builder-row-3 fusion-flex-container nonhundred-percent-fullwidth non-hundred-percent-height-scrolling\" style=\"--awb-border-radius-top-left:0px;--awb-border-radius-top-right:0px;--awb-border-radius-bottom-right:0px;--awb-border-radius-bottom-left:0px;--awb-padding-top:0%;--awb-padding-bottom:0%;--awb-margin-top:20px;--awb-margin-bottom:22px;--awb-background-color:var(--awb-color1);--awb-flex-wrap:wrap;\" ><div class=\"fusion-builder-row fusion-row fusion-flex-align-items-flex-start fusion-flex-content-wrap\" style=\"max-width:1206.4px;margin-left: calc(-4% \/ 2 );margin-right: calc(-4% \/ 2 );\"><div class=\"fusion-layout-column fusion_builder_column fusion-builder-column-2 fusion_builder_column_1_1 1_1 fusion-flex-column\" style=\"--awb-bg-size:cover;--awb-width-large:100%;--awb-margin-top-large:0px;--awb-spacing-right-large:1.92%;--awb-margin-bottom-large:0px;--awb-spacing-left-large:0%;--awb-width-medium:100%;--awb-order-medium:0;--awb-spacing-right-medium:1.92%;--awb-spacing-left-medium:1.92%;--awb-width-small:100%;--awb-order-small:0;--awb-spacing-right-small:1.92%;--awb-spacing-left-small:1.92%;\"><div class=\"fusion-column-wrapper fusion-column-has-shadow fusion-flex-justify-content-flex-start fusion-content-layout-column\"><div class=\"fusion-title title fusion-title-1 fusion-sep-none fusion-title-center fusion-title-text fusion-title-size-three\" style=\"--awb-text-color:var(--awb-color6);--awb-margin-top-small:0px;--awb-margin-right-small:0px;--awb-margin-bottom-small:20px;--awb-margin-left-small:0px;--awb-font-size:24px;\"><h3 class=\"fusion-title-heading title-heading-center fusion-responsive-typography-calculated\" style=\"margin:0;font-size:1em;--fontSize:24;--minFontSize:24;line-height:1.3;\"><p style=\"text-align: center;\"><span class=\"peuimatgedos\">P\u00e0gina web creada i finan\u00e7ada amb fons del <strong>Kit Digital<\/strong>:<\/span><\/p><\/h3><\/div><\/div><\/div><div class=\"fusion-layout-column fusion_builder_column fusion-builder-column-3 fusion_builder_column_1_2 1_2 fusion-flex-column fusion-animated\" style=\"--awb-bg-blend:overlay;--awb-bg-size:cover;--awb-width-large:50%;--awb-margin-top-large:10px;--awb-spacing-right-large:1.152%;--awb-margin-bottom-large:0px;--awb-spacing-left-large:0%;--awb-width-medium:50%;--awb-spacing-right-medium:1.152%;--awb-spacing-left-medium:7.68%;--awb-width-small:100%;--awb-spacing-right-small:1.92%;--awb-spacing-left-small:1.92%;\" data-animationtype=\"fadeInLeft\" data-animationduration=\"0.8\" data-animationoffset=\"top-into-view\"><div class=\"fusion-column-wrapper fusion-flex-justify-content-flex-start fusion-content-layout-column\"><div class=\"fusion-image-element sm-text-align-center\" style=\"text-align:right;--awb-max-width:280px;--awb-caption-title-font-family:var(--h2_typography-font-family);--awb-caption-title-font-weight:var(--h2_typography-font-weight);--awb-caption-title-font-style:var(--h2_typography-font-style);--awb-caption-title-size:var(--h2_typography-font-size);--awb-caption-title-transform:var(--h2_typography-text-transform);--awb-caption-title-line-height:var(--h2_typography-line-height);--awb-caption-title-letter-spacing:var(--h2_typography-letter-spacing);\"><span class=\"fusion-imageframe imageframe-none imageframe-1 hover-type-none\"><a class=\"fusion-no-lightbox\" href=\"https:\/\/planderecuperacion.gob.es\/\" target=\"_blank\" aria-label=\"Logo Pla de Recuperaci\u00f3, Transformaci\u00f3 i Resili\u00e8ncia\" rel=\"noopener noreferrer\"><img decoding=\"async\" width=\"400\" height=\"107\" alt=\"Plan de Recuperaci\u00f3n, Transformaci\u00f3n y Resiliencia\" src=\"https:\/\/aplicontrol.eu\/wp-content\/uploads\/2024\/03\/Logo-PRTR-tres-lineas_COLOR-400x107.png\" class=\"img-responsive wp-image-999\" srcset=\"https:\/\/aplicontrol.eu\/wp-content\/uploads\/2024\/03\/Logo-PRTR-tres-lineas_COLOR-200x54.png 200w, https:\/\/aplicontrol.eu\/wp-content\/uploads\/2024\/03\/Logo-PRTR-tres-lineas_COLOR-400x107.png 400w, https:\/\/aplicontrol.eu\/wp-content\/uploads\/2024\/03\/Logo-PRTR-tres-lineas_COLOR.png 600w\" sizes=\"(max-width: 1024px) 100vw, (max-width: 640px) 100vw, 400px\" \/><\/a><\/span><\/div><\/div><\/div><div class=\"fusion-layout-column fusion_builder_column fusion-builder-column-4 fusion_builder_column_1_2 1_2 fusion-flex-column fusion-animated\" style=\"--awb-bg-blend:overlay;--awb-bg-size:cover;--awb-width-large:50%;--awb-margin-top-large:10px;--awb-spacing-right-large:0%;--awb-margin-bottom-large:0px;--awb-spacing-left-large:1.152%;--awb-width-medium:50%;--awb-spacing-right-medium:0%;--awb-spacing-left-medium:7.68%;--awb-width-small:100%;--awb-spacing-right-small:1.92%;--awb-spacing-left-small:1.92%;\" data-animationtype=\"fadeInLeft\" data-animationduration=\"0.8\" data-animationoffset=\"top-into-view\"><div class=\"fusion-column-wrapper fusion-flex-justify-content-flex-start fusion-content-layout-column\"><div class=\"fusion-image-element sm-text-align-center\" style=\"text-align:left;--awb-max-width:280px;--awb-caption-title-font-family:var(--h2_typography-font-family);--awb-caption-title-font-weight:var(--h2_typography-font-weight);--awb-caption-title-font-style:var(--h2_typography-font-style);--awb-caption-title-size:var(--h2_typography-font-size);--awb-caption-title-transform:var(--h2_typography-text-transform);--awb-caption-title-line-height:var(--h2_typography-line-height);--awb-caption-title-letter-spacing:var(--h2_typography-letter-spacing);\"><span class=\"fusion-imageframe imageframe-none imageframe-2 hover-type-none\"><a class=\"fusion-no-lightbox\" href=\"https:\/\/next-generation-eu.europa.eu\/index_es\" target=\"_blank\" aria-label=\"Logo Finan\u00e7at per la Uni\u00f3 Europea, Next GenerationEU\" rel=\"noopener noreferrer\"><img decoding=\"async\" width=\"400\" height=\"117\" alt=\"Financiado por la Uni\u00f3n Europea, Next GenerationEU\" src=\"https:\/\/aplicontrol.eu\/wp-content\/uploads\/2024\/03\/ES-Financiado-por-la-Union-Europea_POS-400x117.png\" class=\"img-responsive wp-image-1000\" srcset=\"https:\/\/aplicontrol.eu\/wp-content\/uploads\/2024\/03\/ES-Financiado-por-la-Union-Europea_POS-200x59.png 200w, https:\/\/aplicontrol.eu\/wp-content\/uploads\/2024\/03\/ES-Financiado-por-la-Union-Europea_POS-400x117.png 400w, https:\/\/aplicontrol.eu\/wp-content\/uploads\/2024\/03\/ES-Financiado-por-la-Union-Europea_POS.png 600w\" sizes=\"(max-width: 1024px) 100vw, (max-width: 640px) 100vw, 400px\" \/><\/a><\/span><\/div><\/div><\/div><\/div><\/footer>\n<\/p>","protected":false},"excerpt":{"rendered":"","protected":false},"author":2,"featured_media":0,"parent":0,"menu_order":0,"comment_status":"closed","ping_status":"closed","template":"100-width.php","meta":{"footnotes":""},"class_list":["post-1037","page","type-page","status-publish","hentry"],"yoast_head":"<!-- This site is optimized with the Yoast SEO plugin v27.5 - https:\/\/yoast.com\/product\/yoast-seo-wordpress\/ -->\n<title>Accesibilidad - Aplicontrol<\/title>\n<meta name=\"description\" content=\"Obtener el consentimiento del usuario al solicitar datos personales\u00a0El consentimiento debe darse mediante una acci\u00f3n afirmativa clara...\" \/>\n<meta name=\"robots\" content=\"index, follow, max-snippet:-1, max-image-preview:large, max-video-preview:-1\" \/>\n<link rel=\"canonical\" href=\"https:\/\/aplicontrol.eu\/ca\/accesibilidad\/\" \/>\n<meta property=\"og:locale\" content=\"ca_ES\" \/>\n<meta property=\"og:type\" content=\"article\" \/>\n<meta property=\"og:title\" content=\"Accesibilidad - Aplicontrol\" \/>\n<meta property=\"og:description\" content=\"Obtener el consentimiento del usuario al solicitar datos personales\u00a0El consentimiento debe darse mediante una acci\u00f3n afirmativa clara...\" \/>\n<meta property=\"og:url\" content=\"https:\/\/aplicontrol.eu\/ca\/accesibilidad\/\" \/>\n<meta property=\"og:site_name\" content=\"Aplicontrol\" \/>\n<meta property=\"article:modified_time\" content=\"2024-03-11T11:53:38+00:00\" \/>\n<meta name=\"twitter:card\" content=\"summary_large_image\" \/>\n<meta name=\"twitter:label1\" content=\"Temps estimat de lectura\" \/>\n\t<meta name=\"twitter:data1\" content=\"3 minuts\" \/>\n<script type=\"application\/ld+json\" class=\"yoast-schema-graph\">{\"@context\":\"https:\\\/\\\/schema.org\",\"@graph\":[{\"@type\":\"WebPage\",\"@id\":\"https:\\\/\\\/aplicontrol.eu\\\/accesibilidad\\\/\",\"url\":\"https:\\\/\\\/aplicontrol.eu\\\/accesibilidad\\\/\",\"name\":\"Accesibilidad - Aplicontrol\",\"isPartOf\":{\"@id\":\"https:\\\/\\\/aplicontrol.eu\\\/#website\"},\"datePublished\":\"2024-03-11T11:52:33+00:00\",\"dateModified\":\"2024-03-11T11:53:38+00:00\",\"description\":\"Obtener el consentimiento del usuario al solicitar datos personales\u00a0El consentimiento debe darse mediante una acci\u00f3n afirmativa clara...\",\"breadcrumb\":{\"@id\":\"https:\\\/\\\/aplicontrol.eu\\\/accesibilidad\\\/#breadcrumb\"},\"inLanguage\":\"ca\",\"potentialAction\":[{\"@type\":\"ReadAction\",\"target\":[\"https:\\\/\\\/aplicontrol.eu\\\/accesibilidad\\\/\"]}]},{\"@type\":\"BreadcrumbList\",\"@id\":\"https:\\\/\\\/aplicontrol.eu\\\/accesibilidad\\\/#breadcrumb\",\"itemListElement\":[{\"@type\":\"ListItem\",\"position\":1,\"name\":\"Portada\",\"item\":\"https:\\\/\\\/aplicontrol.eu\\\/\"},{\"@type\":\"ListItem\",\"position\":2,\"name\":\"Accesibilidad\"}]},{\"@type\":\"WebSite\",\"@id\":\"https:\\\/\\\/aplicontrol.eu\\\/#website\",\"url\":\"https:\\\/\\\/aplicontrol.eu\\\/\",\"name\":\"Aplicontrol\",\"description\":\"Sitio web oficial de Aplicontrol - Automatizaci\u00f3n de f\u00e1bricas y procesos industriales\",\"potentialAction\":[{\"@type\":\"SearchAction\",\"target\":{\"@type\":\"EntryPoint\",\"urlTemplate\":\"https:\\\/\\\/aplicontrol.eu\\\/?s={search_term_string}\"},\"query-input\":{\"@type\":\"PropertyValueSpecification\",\"valueRequired\":true,\"valueName\":\"search_term_string\"}}],\"inLanguage\":\"ca\"}]}<\/script>\n<!-- \/ Yoast SEO plugin. -->","yoast_head_json":{"title":"Accesibilidad - Aplicontrol","description":"Obtener el consentimiento del usuario al solicitar datos personales\u00a0El consentimiento debe darse mediante una acci\u00f3n afirmativa clara...","robots":{"index":"index","follow":"follow","max-snippet":"max-snippet:-1","max-image-preview":"max-image-preview:large","max-video-preview":"max-video-preview:-1"},"canonical":"https:\/\/aplicontrol.eu\/ca\/accesibilidad\/","og_locale":"ca_ES","og_type":"article","og_title":"Accesibilidad - Aplicontrol","og_description":"Obtener el consentimiento del usuario al solicitar datos personales\u00a0El consentimiento debe darse mediante una acci\u00f3n afirmativa clara...","og_url":"https:\/\/aplicontrol.eu\/ca\/accesibilidad\/","og_site_name":"Aplicontrol","article_modified_time":"2024-03-11T11:53:38+00:00","twitter_card":"summary_large_image","twitter_misc":{"Temps estimat de lectura":"3 minuts"},"schema":{"@context":"https:\/\/schema.org","@graph":[{"@type":"WebPage","@id":"https:\/\/aplicontrol.eu\/accesibilidad\/","url":"https:\/\/aplicontrol.eu\/accesibilidad\/","name":"Accesibilidad - Aplicontrol","isPartOf":{"@id":"https:\/\/aplicontrol.eu\/#website"},"datePublished":"2024-03-11T11:52:33+00:00","dateModified":"2024-03-11T11:53:38+00:00","description":"Obtener el consentimiento del usuario al solicitar datos personales\u00a0El consentimiento debe darse mediante una acci\u00f3n afirmativa clara...","breadcrumb":{"@id":"https:\/\/aplicontrol.eu\/accesibilidad\/#breadcrumb"},"inLanguage":"ca","potentialAction":[{"@type":"ReadAction","target":["https:\/\/aplicontrol.eu\/accesibilidad\/"]}]},{"@type":"BreadcrumbList","@id":"https:\/\/aplicontrol.eu\/accesibilidad\/#breadcrumb","itemListElement":[{"@type":"ListItem","position":1,"name":"Portada","item":"https:\/\/aplicontrol.eu\/"},{"@type":"ListItem","position":2,"name":"Accesibilidad"}]},{"@type":"WebSite","@id":"https:\/\/aplicontrol.eu\/#website","url":"https:\/\/aplicontrol.eu\/","name":"Aplicontrol","description":"Sitio web oficial de Aplicontrol - Automatizaci\u00f3n de f\u00e1bricas y procesos industriales","potentialAction":[{"@type":"SearchAction","target":{"@type":"EntryPoint","urlTemplate":"https:\/\/aplicontrol.eu\/?s={search_term_string}"},"query-input":{"@type":"PropertyValueSpecification","valueRequired":true,"valueName":"search_term_string"}}],"inLanguage":"ca"}]}},"_links":{"self":[{"href":"https:\/\/aplicontrol.eu\/ca\/wp-json\/wp\/v2\/pages\/1037","targetHints":{"allow":["GET"]}}],"collection":[{"href":"https:\/\/aplicontrol.eu\/ca\/wp-json\/wp\/v2\/pages"}],"about":[{"href":"https:\/\/aplicontrol.eu\/ca\/wp-json\/wp\/v2\/types\/page"}],"author":[{"embeddable":true,"href":"https:\/\/aplicontrol.eu\/ca\/wp-json\/wp\/v2\/users\/2"}],"replies":[{"embeddable":true,"href":"https:\/\/aplicontrol.eu\/ca\/wp-json\/wp\/v2\/comments?post=1037"}],"version-history":[{"count":3,"href":"https:\/\/aplicontrol.eu\/ca\/wp-json\/wp\/v2\/pages\/1037\/revisions"}],"predecessor-version":[{"id":1042,"href":"https:\/\/aplicontrol.eu\/ca\/wp-json\/wp\/v2\/pages\/1037\/revisions\/1042"}],"wp:attachment":[{"href":"https:\/\/aplicontrol.eu\/ca\/wp-json\/wp\/v2\/media?parent=1037"}],"curies":[{"name":"wp","href":"https:\/\/api.w.org\/{rel}","templated":true}]}}